{"id":11,"date":"2018-05-16T09:06:49","date_gmt":"2018-05-16T09:06:49","guid":{"rendered":"https:\/\/tierphysiotherapie-schwerte.de\/?page_id=11"},"modified":"2024-10-04T10:23:45","modified_gmt":"2024-10-04T10:23:45","slug":"informationen","status":"publish","type":"page","link":"https:\/\/tierphysiotherapie-schwerte.de\/index.php\/informationen\/","title":{"rendered":"Informationen"},"content":{"rendered":"<h4 style=\"text-align: center;\"><span style=\"color: #008000;\"><strong>Was ist Dry Needling?<\/strong><\/span><\/h4>\n<p>Dry Needling ist eine optimale Erg\u00e4nzung zur physiotherapeutischen Behandlung von Triggerpunkten. Triggerpunkte sind schmerzhafte Strukturen innerhalb eines Muskelbauches. Beim Dry Needling werden Triggerpunkte mittels Akupunkturnadeln behandelt bzw werden die Nadeln in die N\u00e4he der schmerzhaften Struktur gesetzt. Beim Einstechen der Nadel in die verspannte Muskulatur l\u00f6st man eine lokale Zuckungsantwort des Muskels aus (Twitch). Durch diesen Twitch entspannt sich die Muskulatur, der Muskel kann sein volles Leistungsverm\u00f6gen wieder aussch\u00f6pfen. Dry Needling darf allerdings nicht mit der klassischen Akupunktur verwechselt werden. Die einzige Gemeinsamkeit besteht in der Verwendung von Akupunkturnadeln.Seit neustem benutze ich den CEPES Laser, f\u00fcr Pferde die Angst vor Nadeln haben ! So kommt nun jedes Pferd in Genuss dieser tollen Behandlung.<\/p>\n<h4 style=\"text-align: center;\"><span style=\"color: #008000;\"><strong>Matrix Rhythmus Therapie<\/strong><\/span><\/h4>\n<p>Alle Zellen warmbl\u00fctiger Tiere schwingen, Pferde, Hunde und Katzen mit 8 bis 12 Schwingungen pro Sekunde. Da es sich hierbei um sehr kleine Schwingungen handelt, sind sie nur bei Extremsituationen wie z. B. Sch\u00fcttelfrost oder bei angestrengtem Muskelzittern ohne Hilfsmittel sichtbar.<\/p>\n<p>Die Skelettmuskulatur mit 45 Prozent Massenanteil ist das gr\u00f6\u00dfte \u201eAntriebsorgan\u201c des warmbl\u00fctigen Organismus und der st\u00e4rkste \u201eTaktgeber\u201c der Mikrozirkulations-Prozesse.<\/p>\n<p>Funktionieren die Muskelprozesse nicht mehr richtig, kommt es in der Zellschwingung zu Verlangsamungen bis hin zu Stauungen, wodurch die betroffenen Zellareale nicht mehr ausreichend versorgt werden. Zun\u00e4chst entstehen schmerzhafte Verspannungen, die auch Ver\u00e4nderungen im Muskel-, Knochen-, Gef\u00e4\u00df- oder Nervengewebe nach sich ziehen. Ohne die Pumpwirkung der gesunden, rhythmisch schwingenden Muskulatur ist die einwandfreie Arbeit der Zellen nicht m\u00f6glich.<br \/>\nDie Matrix-Rhythmus-Therapie wirkt von au\u00dfen auf die K\u00f6rperzellen und ihre Umgebung, die Matrix. Das Therapieger\u00e4t erzeugt mechano-magnetische Schwingungen analog den k\u00f6rpereigenen. In k\u00fcrzester Zeit normalisieren sich die Stoffwechselprozesse der betroffenen K\u00f6rperregion. Die Tiere empfinden diese sanfte Therapieform als sehr angenehm.<\/p>\n<p><strong><u>Ergebnis:<\/u><\/strong><\/p>\n<p>Muskeln, Haut, Sehnen usw. werden wieder durchl\u00e4ssig und nehmen so an den Gesundungs- vorg\u00e4ngen des K\u00f6rpers wieder Teil. Als sanfte, tiefenwirksame Therapieform, deren gro\u00dfe Wirkung auf den enormen Heilungsf\u00e4higkeiten des K\u00f6rpers fu\u00dft, empfiehlt es sich, die Matrix-Rhythmus-Therapie fr\u00fchzeitig einzusetzen. Sie kann sehr gut zur Heilungs-verbesserung dienen. Zudem hilft sie die Ausgeglichenheit, Leistungsbereitschaft und Gesundheit des Tieres zu f\u00f6rdern und zu erhalten.<\/p>\n<p><u><strong>Indikationen<\/strong><\/u><\/p>\n<p>Die Matrix-Rhythmus-Therapie wird sowohl pr\u00e4ventiv als auch rehabilitativ angewandt bei:<\/p>\n<p>&#8211; Muskelverh\u00e4rtungen, Muskelschwund<br \/>\n&#8211; Sehnen- und B\u00e4nderverletzungen<br \/>\n&#8211; Verbesserung eingeschr\u00e4nkter Gelenkbeweglichkeit (posttraumatisch, nach Ruhigstellung, Arthrose)<br \/>\n&#8211; R\u00fccken- und Nackenprobleme<br \/>\n&#8211; Narben, chronische, nicht heilende Wunden, Wiederherstellung des feinen Gef\u00e4\u00dfsystems in der Haut<br \/>\n&#8211; Unspezifische Lahmheiten<br \/>\n&#8211; zur Unterst\u00fctzung des tier\u00e4rztlichen Rehabilitationsplans<br \/>\n&#8211; Linderung akuter und chronischer Schmerzen (Muskelfaser\u00fcberdehnung, lange L\u00f6sungsphasen, Steifheit)<\/p>\n<p>Auch ohne krankhaften Befund ist die Matrix-Rhythmus-Therapie bei folgenden Zielsetzungen hilfreich: Zur Prophylaxe des Muskel- und Sehnensystems<\/p>\n<p>&#8211; zur Optimierung der Beweglichkeit<br \/>\n&#8211; zur Turniervorbereitung (Optimierung der Muskulatur)<br \/>\n&#8211; zur schnelleren Regeneration nach Leistungsphasen<\/p>\n<h4 style=\"text-align: center;\"><span style=\"color: #008000;\"><strong>Preise<\/strong><\/span><\/h4>\n<p>Da die Behandlungen auf jedes Tier einzeln abgestimmt werden, k\u00f6nnen keine verbindlichen Preisangaben gemacht werden. F\u00fcr ein <strong>unverbindliches Angebot<\/strong> melde Dich gern bei mir!<\/p>\n<p>Abh\u00e4ngig von der Entfernung werden zus\u00e4tzlich Fahrtkosten berechnet (0,60 \u20ac\/km).<\/p>\n<p><em>Nastasia Altmann<\/em><\/p>\n","protected":false},"excerpt":{"rendered":"<p>Was ist Dry Needling? Dry Needling ist eine optimale Erg\u00e4nzung zur physiotherapeutischen Behandlung von Triggerpunkten. Triggerpunkte sind schmerzhafte Strukturen innerhalb eines Muskelbauches. Beim Dry Needling werden Triggerpunkte mittels Akupunkturnadeln behandelt bzw werden die Nadeln in die N\u00e4he der schmerzhaften Struktur &hellip; <a href=\"https:\/\/tierphysiotherapie-schwerte.de\/index.php\/informationen\/\">Weiterlesen <span class=\"meta-nav\">&rarr;<\/span><\/a><\/p>\n","protected":false},"author":1,"featured_media":206,"parent":0,"menu_order":0,"comment_status":"closed","ping_status":"closed","template":"","meta":{"footnotes":""},"class_list":["post-11","page","type-page","status-publish","has-post-thumbnail","hentry"],"_links":{"self":[{"href":"https:\/\/tierphysiotherapie-schwerte.de\/index.php\/wp-json\/wp\/v2\/pages\/11","targetHints":{"allow":["GET"]}}],"collection":[{"href":"https:\/\/tierphysiotherapie-schwerte.de\/index.php\/wp-json\/wp\/v2\/pages"}],"about":[{"href":"https:\/\/tierphysiotherapie-schwerte.de\/index.php\/wp-json\/wp\/v2\/types\/page"}],"author":[{"embeddable":true,"href":"https:\/\/tierphysiotherapie-schwerte.de\/index.php\/wp-json\/wp\/v2\/users\/1"}],"replies":[{"embeddable":true,"href":"https:\/\/tierphysiotherapie-schwerte.de\/index.php\/wp-json\/wp\/v2\/comments?post=11"}],"version-history":[{"count":11,"href":"https:\/\/tierphysiotherapie-schwerte.de\/index.php\/wp-json\/wp\/v2\/pages\/11\/revisions"}],"predecessor-version":[{"id":182,"href":"https:\/\/tierphysiotherapie-schwerte.de\/index.php\/wp-json\/wp\/v2\/pages\/11\/revisions\/182"}],"wp:featuredmedia":[{"embeddable":true,"href":"https:\/\/tierphysiotherapie-schwerte.de\/index.php\/wp-json\/wp\/v2\/media\/206"}],"wp:attachment":[{"href":"https:\/\/tierphysiotherapie-schwerte.de\/index.php\/wp-json\/wp\/v2\/media?parent=11"}],"curies":[{"name":"wp","href":"https:\/\/api.w.org\/{rel}","templated":true}]}}