{"id":5,"date":"2018-05-16T09:04:14","date_gmt":"2018-05-16T09:04:14","guid":{"rendered":"https:\/\/tierphysiotherapie-schwerte.de\/?page_id=5"},"modified":"2024-12-07T10:17:29","modified_gmt":"2024-12-07T10:17:29","slug":"home","status":"publish","type":"page","link":"https:\/\/tierphysiotherapie-schwerte.de\/","title":{"rendered":"Home"},"content":{"rendered":"\n<p class=\"has-text-align-center\"><em><mark style=\"background-color:rgba(0, 0, 0, 0)\" class=\"has-inline-color has-very-dark-gray-color\"><b>Tierphysiotherapie Schwerte Deine Partnerin f\u00fcr Pr\u00e4vention, Rehabilitation,Faszientherapie und Sportphysiotherapie beim Pferd<\/b><\/mark><\/em>. <\/p>\n\n\n<p style=\"text-align: center;\">Mit viel Einf\u00fchlungsverm\u00f6gen und \u00a0Fachkompetenz k\u00fcmmere ich mich seit 2010 professionell, liebevoll und individuell um das Wohlbefinden und die Gesundheit deines Pferdes.<\/p>\n<p style=\"text-align: center;\">Gemeinsam mit dir auf dem Weg zu mehr Gesundheit, Beweglichkeit und Lebensfreude f\u00fcr dein Pferd!<\/p>\n<p style=\"text-align: center;\">Um dir und deinem Pferd dies bieten zu k\u00f6nnen, arbeite ich mit Tier\u00e4rztInnen , HufschmiedInnen oder auch Tierkliniken eng zusammen.<\/p>\n<p style=\"text-align: center;\"><strong>Du m\u00f6chtest auch mehr Beweglichkeit, Gesundheit<\/strong><\/p>\n<p style=\"text-align: center;\"><strong>und Lebensfreude <\/strong><strong>f\u00fcr dein Pferd ? <\/strong><\/p>\n<p style=\"text-align: center;\"><strong>Dann z\u00f6gere nicht und vereinbare jetzt einen Termin !<\/strong><\/p>\n<p style=\"text-align: center;\"><strong>\u00a0Rufnummer 0151 &#8211; 426 04 110<\/strong><\/p>\n<p style=\"text-align: center;\">Bitte hab Verst\u00e4ndnis, dass ich aufrgrund meines Tagesplanes nicht immer sofort erreichbar bin.<\/p>\n<p style=\"text-align: center;\">Hinterlasse bitte <em><strong>eine kurze Nachricht <\/strong><\/em>auf der Mailbox oder schreib mir eine SMS<\/p>\n<p style=\"text-align: center;\">ich rufe nat\u00fcrlich zur\u00fcck, sobald dies m\u00f6glich ist.<\/p>\n<p style=\"text-align: center;\">Ich freue mich von Dir zu h\u00f6ren<\/p>\n<p style=\"text-align: center;\">Deine Nastasia Altmann<\/p>\n<p style=\"text-align: center;\"><img loading=\"lazy\" decoding=\"async\" class=\"alignnone size-medium wp-image-142\" src=\"https:\/\/tierphysiotherapie-schwerte.de\/wp-content\/uploads\/2021\/05\/5FFFB9E4-B15B-4A48-812F-F0B3A001DD63_1_201_a-225x300.jpeg\" alt=\"\" width=\"225\" height=\"300\" srcset=\"https:\/\/tierphysiotherapie-schwerte.de\/wp-content\/uploads\/2021\/05\/5FFFB9E4-B15B-4A48-812F-F0B3A001DD63_1_201_a-225x300.jpeg 225w, https:\/\/tierphysiotherapie-schwerte.de\/wp-content\/uploads\/2021\/05\/5FFFB9E4-B15B-4A48-812F-F0B3A001DD63_1_201_a-768x1024.jpeg 768w, https:\/\/tierphysiotherapie-schwerte.de\/wp-content\/uploads\/2021\/05\/5FFFB9E4-B15B-4A48-812F-F0B3A001DD63_1_201_a-1152x1536.jpeg 1152w, https:\/\/tierphysiotherapie-schwerte.de\/wp-content\/uploads\/2021\/05\/5FFFB9E4-B15B-4A48-812F-F0B3A001DD63_1_201_a-1536x2048.jpeg 1536w, https:\/\/tierphysiotherapie-schwerte.de\/wp-content\/uploads\/2021\/05\/5FFFB9E4-B15B-4A48-812F-F0B3A001DD63_1_201_a-scaled.jpeg 1920w\" sizes=\"auto, (max-width: 225px) 100vw, 225px\" \/><\/p>","protected":false},"excerpt":{"rendered":"<p>Tierphysiotherapie Schwerte Deine Partnerin f\u00fcr Pr\u00e4vention, Rehabilitation,Faszientherapie und Sportphysiotherapie beim Pferd. Mit viel Einf\u00fchlungsverm\u00f6gen und \u00a0Fachkompetenz k\u00fcmmere ich mich seit 2010 professionell, liebevoll und individuell um das Wohlbefinden und die Gesundheit deines Pferdes. Gemeinsam mit dir auf dem Weg zu &hellip; <a href=\"https:\/\/tierphysiotherapie-schwerte.de\/\">Weiterlesen <span class=\"meta-nav\">&rarr;<\/span><\/a><\/p>\n","protected":false},"author":1,"featured_media":99,"parent":0,"menu_order":0,"comment_status":"closed","ping_status":"closed","template":"","meta":{"footnotes":""},"class_list":["post-5","page","type-page","status-publish","has-post-thumbnail","hentry"],"_links":{"self":[{"href":"https:\/\/tierphysiotherapie-schwerte.de\/index.php\/wp-json\/wp\/v2\/pages\/5","targetHints":{"allow":["GET"]}}],"collection":[{"href":"https:\/\/tierphysiotherapie-schwerte.de\/index.php\/wp-json\/wp\/v2\/pages"}],"about":[{"href":"https:\/\/tierphysiotherapie-schwerte.de\/index.php\/wp-json\/wp\/v2\/types\/page"}],"author":[{"embeddable":true,"href":"https:\/\/tierphysiotherapie-schwerte.de\/index.php\/wp-json\/wp\/v2\/users\/1"}],"replies":[{"embeddable":true,"href":"https:\/\/tierphysiotherapie-schwerte.de\/index.php\/wp-json\/wp\/v2\/comments?post=5"}],"version-history":[{"count":25,"href":"https:\/\/tierphysiotherapie-schwerte.de\/index.php\/wp-json\/wp\/v2\/pages\/5\/revisions"}],"predecessor-version":[{"id":218,"href":"https:\/\/tierphysiotherapie-schwerte.de\/index.php\/wp-json\/wp\/v2\/pages\/5\/revisions\/218"}],"wp:featuredmedia":[{"embeddable":true,"href":"https:\/\/tierphysiotherapie-schwerte.de\/index.php\/wp-json\/wp\/v2\/media\/99"}],"wp:attachment":[{"href":"https:\/\/tierphysiotherapie-schwerte.de\/index.php\/wp-json\/wp\/v2\/media?parent=5"}],"curies":[{"name":"wp","href":"https:\/\/api.w.org\/{rel}","templated":true}]}}